{"id":852,"date":"2023-03-15T18:31:07","date_gmt":"2023-03-15T18:31:07","guid":{"rendered":"https:\/\/armedika.lt\/?page_id=852"},"modified":"2023-03-16T15:56:41","modified_gmt":"2023-03-16T15:56:41","slug":"earmedika","status":"publish","type":"page","link":"https:\/\/armedika.lt\/ru\/earmedika\/","title":{"rendered":"eARMEDIKA"},"content":{"rendered":"\t\t<div data-elementor-type=\"wp-page\" data-elementor-id=\"852\" class=\"elementor elementor-852\">\n\t\t\t\t\t\t\t\t\t<section class=\"elementor-section elementor-top-section elementor-element elementor-element-680735e elementor-section-boxed elementor-section-height-default elementor-section-height-default wpr-particle-no wpr-jarallax-no wpr-parallax-no wpr-sticky-section-no\" data-id=\"680735e\" data-element_type=\"section\">\n\t\t\t\t\t\t<div class=\"elementor-container elementor-column-gap-default\">\n\t\t\t\t\t<div class=\"elementor-column elementor-col-100 elementor-top-column elementor-element elementor-element-f1eccfd\" data-id=\"f1eccfd\" data-element_type=\"column\">\n\t\t\t<div class=\"elementor-widget-wrap elementor-element-populated\">\n\t\t\t\t\t\t\t\t<div class=\"elementor-element elementor-element-ad975c3 elementor-widget elementor-widget-image\" data-id=\"ad975c3\" data-element_type=\"widget\" data-widget_type=\"image.default\">\n\t\t\t\t<div class=\"elementor-widget-container\">\n\t\t\t<style>\/*! elementor - v3.18.0 - 20-12-2023 *\/\n.elementor-widget-image{text-align:center}.elementor-widget-image a{display:inline-block}.elementor-widget-image a img[src$=\".svg\"]{width:48px}.elementor-widget-image img{vertical-align:middle;display:inline-block}<\/style>\t\t\t\t\t\t\t\t\t\t\t\t<img fetchpriority=\"high\" decoding=\"async\" width=\"1024\" height=\"400\" src=\"https:\/\/armedika.lt\/wp-content\/uploads\/2021\/06\/cropped-LOGOTIPAS-3-1024x400.jpg\" class=\"attachment-large size-large wp-image-636\" alt=\"\" srcset=\"https:\/\/armedika.lt\/wp-content\/uploads\/2021\/06\/cropped-LOGOTIPAS-3-1024x400.jpg 1024w, https:\/\/armedika.lt\/wp-content\/uploads\/2021\/06\/cropped-LOGOTIPAS-3-300x117.jpg 300w, https:\/\/armedika.lt\/wp-content\/uploads\/2021\/06\/cropped-LOGOTIPAS-3-768x300.jpg 768w, https:\/\/armedika.lt\/wp-content\/uploads\/2021\/06\/cropped-LOGOTIPAS-3-1536x600.jpg 1536w, https:\/\/armedika.lt\/wp-content\/uploads\/2021\/06\/cropped-LOGOTIPAS-3.jpg 2007w\" sizes=\"(max-width: 1024px) 100vw, 1024px\" \/>\t\t\t\t\t\t\t\t\t\t\t\t\t\t\t<\/div>\n\t\t\t\t<\/div>\n\t\t\t\t<div class=\"elementor-element elementor-element-bdcd9c2 elementor-widget elementor-widget-heading\" data-id=\"bdcd9c2\" data-element_type=\"widget\" data-widget_type=\"heading.default\">\n\t\t\t\t<div class=\"elementor-widget-container\">\n\t\t\t<style>\/*! elementor - v3.18.0 - 20-12-2023 *\/\n.elementor-heading-title{padding:0;margin:0;line-height:1}.elementor-widget-heading .elementor-heading-title[class*=elementor-size-]>a{color:inherit;font-size:inherit;line-height:inherit}.elementor-widget-heading .elementor-heading-title.elementor-size-small{font-size:15px}.elementor-widget-heading .elementor-heading-title.elementor-size-medium{font-size:19px}.elementor-widget-heading .elementor-heading-title.elementor-size-large{font-size:29px}.elementor-widget-heading .elementor-heading-title.elementor-size-xl{font-size:39px}.elementor-widget-heading .elementor-heading-title.elementor-size-xxl{font-size:59px}<\/style><h1 class=\"elementor-heading-title elementor-size-default\">eARMEDIKA<\/h1>\t\t<\/div>\n\t\t\t\t<\/div>\n\t\t\t\t<div class=\"elementor-element elementor-element-d793c08 elementor-widget elementor-widget-text-editor\" data-id=\"d793c08\" data-element_type=\"widget\" data-widget_type=\"text-editor.default\">\n\t\t\t\t<div class=\"elementor-widget-container\">\n\t\t\t<style>\/*! elementor - v3.18.0 - 20-12-2023 *\/\n.elementor-widget-text-editor.elementor-drop-cap-view-stacked .elementor-drop-cap{background-color:#69727d;color:#fff}.elementor-widget-text-editor.elementor-drop-cap-view-framed .elementor-drop-cap{color:#69727d;border:3px solid;background-color:transparent}.elementor-widget-text-editor:not(.elementor-drop-cap-view-default) .elementor-drop-cap{margin-top:8px}.elementor-widget-text-editor:not(.elementor-drop-cap-view-default) .elementor-drop-cap-letter{width:1em;height:1em}.elementor-widget-text-editor .elementor-drop-cap{float:left;text-align:center;line-height:1;font-size:50px}.elementor-widget-text-editor .elementor-drop-cap-letter{display:inline-block}<\/style>\t\t\t\t<p style=\"text-align: center;\">U\u017esi\u0117mame produkt\u0173 prekyba, teikiame \u012fvairiausias paslaugas nuo konsultacij\u0173, mokym\u0173 Jums r\u016bpimais klausimais iki produkt\u0173 registravimo, marketingo ir kit\u0173 Jums palengvinan\u010di\u0173 darb\u0173. Tad palikite visus sunkumus mums ir mes pad\u0117sime Jums vystytis savo verslus ar pagelb\u0117sime, kai Jums to reik\u0117s.<\/p>\t\t\t\t\t\t<\/div>\n\t\t\t\t<\/div>\n\t\t\t\t<div class=\"elementor-element elementor-element-a25254f elementor-widget elementor-widget-heading\" data-id=\"a25254f\" data-element_type=\"widget\" data-widget_type=\"heading.default\">\n\t\t\t\t<div class=\"elementor-widget-container\">\n\t\t\t<h1 class=\"elementor-heading-title elementor-size-default\">eARMEDIKA ELEKTRONINE PARDUOTUVE GALITE RASTI ADRESU:<\/h1>\t\t<\/div>\n\t\t\t\t<\/div>\n\t\t\t\t<div class=\"elementor-element elementor-element-89537d7 elementor-widget elementor-widget-text-editor\" data-id=\"89537d7\" data-element_type=\"widget\" data-widget_type=\"text-editor.default\">\n\t\t\t\t<div class=\"elementor-widget-container\">\n\t\t\t\t\t\t\t<p style=\"text-align: center;\"><a href=\"https:\/\/earmedika.lt\/shop\/\">Earmedika.lt<\/a><\/p>\t\t\t\t\t\t<\/div>\n\t\t\t\t<\/div>\n\t\t\t\t\t<\/div>\n\t\t<\/div>\n\t\t\t\t\t\t\t<\/div>\n\t\t<\/section>\n\t\t\t\t\t\t\t<\/div>\n\t\t","protected":false},"excerpt":{"rendered":"<p>eARMEDIKA U\u017esi\u0117mame produkt\u0173 prekyba, teikiame \u012fvairiausias paslaugas nuo konsultacij\u0173, mokym\u0173 Jums r\u016bpimais klausimais iki produkt\u0173 registravimo, marketingo ir kit\u0173 Jums palengvinan\u010di\u0173 darb\u0173. Tad palikite visus sunkumus mums ir mes pad\u0117sime Jums vystytis savo verslus ar pagelb\u0117sime, kai Jums to reik\u0117s. eARMEDIKA ELEKTRONINE PARDUOTUVE GALITE RASTI ADRESU: Earmedika.lt<\/p>\n","protected":false},"author":1,"featured_media":0,"parent":0,"menu_order":0,"comment_status":"closed","ping_status":"closed","template":"","meta":{"footnotes":""},"translation":{"provider":"WPGlobus","version":"2.12.2","language":"ru","enabled_languages":["lt","en","ru"],"languages":{"lt":{"title":true,"content":true,"excerpt":false},"en":{"title":false,"content":false,"excerpt":false},"ru":{"title":false,"content":false,"excerpt":false}}},"acf":[],"_links":{"self":[{"href":"https:\/\/armedika.lt\/ru\/wp-json\/wp\/v2\/pages\/852"}],"collection":[{"href":"https:\/\/armedika.lt\/ru\/wp-json\/wp\/v2\/pages"}],"about":[{"href":"https:\/\/armedika.lt\/ru\/wp-json\/wp\/v2\/types\/page"}],"author":[{"embeddable":true,"href":"https:\/\/armedika.lt\/ru\/wp-json\/wp\/v2\/users\/1"}],"replies":[{"embeddable":true,"href":"https:\/\/armedika.lt\/ru\/wp-json\/wp\/v2\/comments?post=852"}],"version-history":[{"count":0,"href":"https:\/\/armedika.lt\/ru\/wp-json\/wp\/v2\/pages\/852\/revisions"}],"wp:attachment":[{"href":"https:\/\/armedika.lt\/ru\/wp-json\/wp\/v2\/media?parent=852"}],"curies":[{"name":"wp","href":"https:\/\/api.w.org\/{rel}","templated":true}]}}