{"id":14,"date":"2017-12-06T07:31:39","date_gmt":"2017-12-06T07:31:39","guid":{"rendered":"http:\/\/localhost\/wordpress1\/?page_id=14"},"modified":"2024-06-07T13:52:53","modified_gmt":"2024-06-07T13:52:53","slug":"med-farm-marketingas","status":"publish","type":"page","link":"https:\/\/armedika.lt\/en\/paslaugos\/marketingo-paslaugos\/med-farm-marketingas\/","title":{"rendered":"Med\/Pharm Marketing"},"content":{"rendered":"\t\t<div data-elementor-type=\"wp-page\" data-elementor-id=\"14\" class=\"elementor elementor-14\">\n\t\t\t\t\t\t\t\t\t<section class=\"elementor-section elementor-top-section elementor-element elementor-element-7e8e3fc6 elementor-section-boxed elementor-section-height-default elementor-section-height-default wpr-particle-no wpr-jarallax-no wpr-parallax-no wpr-sticky-section-no\" data-id=\"7e8e3fc6\" data-element_type=\"section\">\n\t\t\t\t\t\t<div class=\"elementor-container elementor-column-gap-default\">\n\t\t\t\t\t<div class=\"elementor-column elementor-col-100 elementor-top-column elementor-element elementor-element-6f10e1e4\" data-id=\"6f10e1e4\" data-element_type=\"column\">\n\t\t\t<div class=\"elementor-widget-wrap elementor-element-populated\">\n\t\t\t\t\t\t\t\t<div class=\"elementor-element elementor-element-d941326 elementor-widget elementor-widget-heading\" data-id=\"d941326\" data-element_type=\"widget\" data-widget_type=\"heading.default\">\n\t\t\t\t<div class=\"elementor-widget-container\">\n\t\t\t<style>\/*! elementor - v3.18.0 - 20-12-2023 *\/\n.elementor-heading-title{padding:0;margin:0;line-height:1}.elementor-widget-heading .elementor-heading-title[class*=elementor-size-]>a{color:inherit;font-size:inherit;line-height:inherit}.elementor-widget-heading .elementor-heading-title.elementor-size-small{font-size:15px}.elementor-widget-heading .elementor-heading-title.elementor-size-medium{font-size:19px}.elementor-widget-heading .elementor-heading-title.elementor-size-large{font-size:29px}.elementor-widget-heading .elementor-heading-title.elementor-size-xl{font-size:39px}.elementor-widget-heading .elementor-heading-title.elementor-size-xxl{font-size:59px}<\/style><h2 class=\"elementor-heading-title elementor-size-default\">Turite naujus produktus ar paslaugas, kuriuos norite \u012fvesti \u012f nauj\u0105 rink\u0105? Mes jums pad\u0117sime!<\/h2>\t\t<\/div>\n\t\t\t\t<\/div>\n\t\t\t\t<div class=\"elementor-element elementor-element-b4bcb1a elementor-widget elementor-widget-heading\" data-id=\"b4bcb1a\" data-element_type=\"widget\" data-widget_type=\"heading.default\">\n\t\t\t\t<div class=\"elementor-widget-container\">\n\t\t\t<h2 class=\"elementor-heading-title elementor-size-default\">Turite produktus ar paslaugas, kuriuos norite rinkoje suaktyvinti, i\u0161judinti? Mes jums pad\u0117sime!<\/h2>\t\t<\/div>\n\t\t\t\t<\/div>\n\t\t\t\t<div class=\"elementor-element elementor-element-00777ad elementor-widget elementor-widget-accordion\" data-id=\"00777ad\" data-element_type=\"widget\" data-widget_type=\"accordion.default\">\n\t\t\t\t<div class=\"elementor-widget-container\">\n\t\t\t<style>\/*! elementor - v3.18.0 - 20-12-2023 *\/\n.elementor-accordion{text-align:left}.elementor-accordion .elementor-accordion-item{border:1px solid #d5d8dc}.elementor-accordion .elementor-accordion-item+.elementor-accordion-item{border-top:none}.elementor-accordion .elementor-tab-title{margin:0;padding:15px 20px;font-weight:700;line-height:1;cursor:pointer;outline:none}.elementor-accordion .elementor-tab-title .elementor-accordion-icon{display:inline-block;width:1.5em}.elementor-accordion .elementor-tab-title .elementor-accordion-icon svg{width:1em;height:1em}.elementor-accordion .elementor-tab-title .elementor-accordion-icon.elementor-accordion-icon-right{float:right;text-align:right}.elementor-accordion .elementor-tab-title .elementor-accordion-icon.elementor-accordion-icon-left{float:left;text-align:left}.elementor-accordion .elementor-tab-title .elementor-accordion-icon .elementor-accordion-icon-closed{display:block}.elementor-accordion .elementor-tab-title .elementor-accordion-icon .elementor-accordion-icon-opened,.elementor-accordion .elementor-tab-title.elementor-active .elementor-accordion-icon-closed{display:none}.elementor-accordion .elementor-tab-title.elementor-active .elementor-accordion-icon-opened{display:block}.elementor-accordion .elementor-tab-content{display:none;padding:15px 20px;border-top:1px solid #d5d8dc}@media (max-width:767px){.elementor-accordion .elementor-tab-title{padding:12px 15px}.elementor-accordion .elementor-tab-title .elementor-accordion-icon{width:1.2em}.elementor-accordion .elementor-tab-content{padding:7px 15px}}.e-con-inner>.elementor-widget-accordion,.e-con>.elementor-widget-accordion{width:var(--container-widget-width);--flex-grow:var(--container-widget-flex-grow)}<\/style>\t\t<div class=\"elementor-accordion\">\n\t\t\t\t\t\t\t<div class=\"elementor-accordion-item\">\n\t\t\t\t\t<div id=\"elementor-tab-title-4891\" class=\"elementor-tab-title\" data-tab=\"1\" role=\"button\" aria-controls=\"elementor-tab-content-4891\" aria-expanded=\"false\">\n\t\t\t\t\t\t\t\t\t\t\t\t\t<span class=\"elementor-accordion-icon elementor-accordion-icon-left\" aria-hidden=\"true\">\n\t\t\t\t\t\t\t\t\t\t\t\t\t\t\t<span class=\"elementor-accordion-icon-closed\"><i class=\"fas fa-plus\"><\/i><\/span>\n\t\t\t\t\t\t\t\t<span class=\"elementor-accordion-icon-opened\"><i class=\"fas fa-minus\"><\/i><\/span>\n\t\t\t\t\t\t\t\t\t\t\t\t\t\t<\/span>\n\t\t\t\t\t\t\t\t\t\t\t\t<a class=\"elementor-accordion-title\" tabindex=\"0\">Verslo Planai<\/a>\n\t\t\t\t\t<\/div>\n\t\t\t\t\t<div id=\"elementor-tab-content-4891\" class=\"elementor-tab-content elementor-clearfix\" data-tab=\"1\" role=\"region\" aria-labelledby=\"elementor-tab-title-4891\"><p>\u2022\u00a0Verslo plan\u0173 sudarymas: Rinkos analiz\u0117; Produkt\u0173 analiz\u0117 ir planas; Pardavimo planas; Biud\u017eeto planas;<br \/>Situacijos analiz\u0117: Rinkos analiz\u0117, Konkurent\u0173 analiz\u0117; S.W.O.T. analiz\u0117; Tikslai \u2013 Kiekybiniai\/Kokybiniai; Kainodara;<br \/>Akcij\u0173 strategija; Kiti veiksniai;<br \/>\u2022\u00a0Verslo plan\u0173 \u012fgyvendinimas;<br \/>\u2022 Bendravimas su farmacijos didmeninink\u0173 ir vaistini\u0173 tinklais. Sutartys;<br \/>\u2022 Valdymo paslaugos (kontrol\u0117, mok\u0117jimai ir kt.).<\/p><\/div>\n\t\t\t\t<\/div>\n\t\t\t\t\t\t\t<div class=\"elementor-accordion-item\">\n\t\t\t\t\t<div id=\"elementor-tab-title-4892\" class=\"elementor-tab-title\" data-tab=\"2\" role=\"button\" aria-controls=\"elementor-tab-content-4892\" aria-expanded=\"false\">\n\t\t\t\t\t\t\t\t\t\t\t\t\t<span class=\"elementor-accordion-icon elementor-accordion-icon-left\" aria-hidden=\"true\">\n\t\t\t\t\t\t\t\t\t\t\t\t\t\t\t<span class=\"elementor-accordion-icon-closed\"><i class=\"fas fa-plus\"><\/i><\/span>\n\t\t\t\t\t\t\t\t<span class=\"elementor-accordion-icon-opened\"><i class=\"fas fa-minus\"><\/i><\/span>\n\t\t\t\t\t\t\t\t\t\t\t\t\t\t<\/span>\n\t\t\t\t\t\t\t\t\t\t\t\t<a class=\"elementor-accordion-title\" tabindex=\"0\">Farmacijos produkt\u0173 ir paslaug\u0173 marketingas darbui su pacientais, gydytojais<\/a>\n\t\t\t\t\t<\/div>\n\t\t\t\t\t<div id=\"elementor-tab-content-4892\" class=\"elementor-tab-content elementor-clearfix\" data-tab=\"2\" role=\"region\" aria-labelledby=\"elementor-tab-title-4892\"><p>\u2022\u00a0Metini\u0173, ketvirtini\u0173 ir kt.laikotarpio marketingini\u0173 plan\u0173 ruo\u0161imas;<br \/>\u2022\u00a0Nauj\u0173 bei esam\u0173 produkt\u0173 \u012fvedimas ir sklaida gydymo istaigose;<br \/>\u2022\u00a0Pardavimo plan\u0173 ruo\u0161imas;<br \/>\u2022\u00a0Pajam\u0173 ir i\u0161laid\u0173\u00a0plan\u0173 ruo\u0161imas;<br \/>\u2022\u00a0Rinkos analiz\u0117 ir rinkos specifini\u0173 tyrim\u0173 plan\u0173 ruo\u0161imas;<br \/>\u2022\u00a0Media plan\u0173 k\u016brimas ir \u012fgyvendinimas;<br \/>\u2022\u00a0Patvirtint\u0173 veiklos\u00a0plan\u0173 (pardavim\u0173,\u00a0rinkodaros, reklamos (\u012fskaitant renginius) ir kt.) vykdymo organizavimas ir<br \/>\u012fgyvendinimas.<\/p><\/div>\n\t\t\t\t<\/div>\n\t\t\t\t\t\t\t<div class=\"elementor-accordion-item\">\n\t\t\t\t\t<div id=\"elementor-tab-title-4893\" class=\"elementor-tab-title\" data-tab=\"3\" role=\"button\" aria-controls=\"elementor-tab-content-4893\" aria-expanded=\"false\">\n\t\t\t\t\t\t\t\t\t\t\t\t\t<span class=\"elementor-accordion-icon elementor-accordion-icon-left\" aria-hidden=\"true\">\n\t\t\t\t\t\t\t\t\t\t\t\t\t\t\t<span class=\"elementor-accordion-icon-closed\"><i class=\"fas fa-plus\"><\/i><\/span>\n\t\t\t\t\t\t\t\t<span class=\"elementor-accordion-icon-opened\"><i class=\"fas fa-minus\"><\/i><\/span>\n\t\t\t\t\t\t\t\t\t\t\t\t\t\t<\/span>\n\t\t\t\t\t\t\t\t\t\t\t\t<a class=\"elementor-accordion-title\" tabindex=\"0\">Vaistini\u0173 Marketingas<\/a>\n\t\t\t\t\t<\/div>\n\t\t\t\t\t<div id=\"elementor-tab-content-4893\" class=\"elementor-tab-content elementor-clearfix\" data-tab=\"3\" role=\"region\" aria-labelledby=\"elementor-tab-title-4893\"><p>\u2022\u00a0Produkt\u0173 prie\u017ei\u016bra ir kontrol\u0117;<br \/>\u2022\u00a0Lentyn\u0173 prie\u017ei\u016bra;<br \/>\u2022\u00a0Ma\u017emenin\u0117s rinkos tyrimas, analiz\u0117 ir prognoz\u0117s;<br \/>\u2022\u00a0Marketingo veiksm\u0173 ir priemoni\u0173 \u012fgyvendinimas;<br \/>\u2022\u00a0Reklamin\u0117s med\u017eiagos gamyba ir platinimas;<br \/>\u2022\u00a0Media plan\u0173 \u012fgyvendinimas;<br \/>\u2022\u00a0Akcij\u0173, prezentacij\u0173 organizavimas ir \u012fgyvendinimas;<br \/>\u2022\u00a0I\u0161laid\u0173 apskaita ir kontrol\u0117.<\/p><\/div>\n\t\t\t\t<\/div>\n\t\t\t\t\t\t\t<div class=\"elementor-accordion-item\">\n\t\t\t\t\t<div id=\"elementor-tab-title-4894\" class=\"elementor-tab-title\" data-tab=\"4\" role=\"button\" aria-controls=\"elementor-tab-content-4894\" aria-expanded=\"false\">\n\t\t\t\t\t\t\t\t\t\t\t\t\t<span class=\"elementor-accordion-icon elementor-accordion-icon-left\" aria-hidden=\"true\">\n\t\t\t\t\t\t\t\t\t\t\t\t\t\t\t<span class=\"elementor-accordion-icon-closed\"><i class=\"fas fa-plus\"><\/i><\/span>\n\t\t\t\t\t\t\t\t<span class=\"elementor-accordion-icon-opened\"><i class=\"fas fa-minus\"><\/i><\/span>\n\t\t\t\t\t\t\t\t\t\t\t\t\t\t<\/span>\n\t\t\t\t\t\t\t\t\t\t\t\t<a class=\"elementor-accordion-title\" tabindex=\"0\">Platinimas<\/a>\n\t\t\t\t\t<\/div>\n\t\t\t\t\t<div id=\"elementor-tab-content-4894\" class=\"elementor-tab-content elementor-clearfix\" data-tab=\"4\" role=\"region\" aria-labelledby=\"elementor-tab-title-4894\"><p>\u2022\u00a0Vietos didmeninink\u0173 suradimas ir atstovavimas gamintojui;<br \/>\u2022 Sutar\u010di\u0173 sudarymas su Baltijos \u0160ali\u0173 vaistini\u0173 tinklais.<\/p><\/div>\n\t\t\t\t<\/div>\n\t\t\t\t\t\t\t<div class=\"elementor-accordion-item\">\n\t\t\t\t\t<div id=\"elementor-tab-title-4895\" class=\"elementor-tab-title\" data-tab=\"5\" role=\"button\" aria-controls=\"elementor-tab-content-4895\" aria-expanded=\"false\">\n\t\t\t\t\t\t\t\t\t\t\t\t\t<span class=\"elementor-accordion-icon elementor-accordion-icon-left\" aria-hidden=\"true\">\n\t\t\t\t\t\t\t\t\t\t\t\t\t\t\t<span class=\"elementor-accordion-icon-closed\"><i class=\"fas fa-plus\"><\/i><\/span>\n\t\t\t\t\t\t\t\t<span class=\"elementor-accordion-icon-opened\"><i class=\"fas fa-minus\"><\/i><\/span>\n\t\t\t\t\t\t\t\t\t\t\t\t\t\t<\/span>\n\t\t\t\t\t\t\t\t\t\t\t\t<a class=\"elementor-accordion-title\" tabindex=\"0\">Logistikos koordinavimas ir administravimas<\/a>\n\t\t\t\t\t<\/div>\n\t\t\t\t\t<div id=\"elementor-tab-content-4895\" class=\"elementor-tab-content elementor-clearfix\" data-tab=\"5\" role=\"region\" aria-labelledby=\"elementor-tab-title-4895\"><p>\u2022\u00a0Pardavim\u0173 planavimas ir skatinimas;<br \/>\u2022\u00a0Pardavimo plan\u0173 ir biud\u017eeto sudarymas, administravimas ir kontrol\u0117;<br \/>\u2022\u00a0Santyki\u0173 su farmaciniais didmenininkais bei vaistini\u0173 tinklais u\u017emezgimas bei palaikymas;<br \/>\u2022\u00a0Sutar\u010di\u0173 sudarymas;<br \/>\u2022S\u0105skait\u0173 u\u017e paslaugas administravimas (kontrol\u0117, mok\u0117jimai);<br \/>\u2022Logistikos derinimas ir administravimas.<\/p><\/div>\n\t\t\t\t<\/div>\n\t\t\t\t\t\t\t\t<\/div>\n\t\t\t\t<\/div>\n\t\t\t\t<\/div>\n\t\t\t\t<div class=\"elementor-element elementor-element-171dbd4 elementor-widget elementor-widget-heading\" data-id=\"171dbd4\" data-element_type=\"widget\" data-widget_type=\"heading.default\">\n\t\t\t\t<div class=\"elementor-widget-container\">\n\t\t\t<h2 class=\"elementor-heading-title elementor-size-default\">Kliento pageidavimu Armedika gali vykdyti produkt\u0173 import\u0105 bei platinim\u0105 vaistini\u0173 tinklams ir, siekiant optimalios\nteritorijos apr\u0117pties,  pritraukiant kelet\u0105 patikim\u0173 didmeninink\u0173.<\/h2>\t\t<\/div>\n\t\t\t\t<\/div>\n\t\t\t\t<div class=\"elementor-element elementor-element-855a453 elementor-widget elementor-widget-accordion\" data-id=\"855a453\" data-element_type=\"widget\" data-settings=\"{&quot;_animation&quot;:&quot;none&quot;}\" data-widget_type=\"accordion.default\">\n\t\t\t\t<div class=\"elementor-widget-container\">\n\t\t\t\t\t<div class=\"elementor-accordion\">\n\t\t\t\t\t\t\t<div class=\"elementor-accordion-item\">\n\t\t\t\t\t<div id=\"elementor-tab-title-1391\" class=\"elementor-tab-title\" data-tab=\"1\" role=\"button\" aria-controls=\"elementor-tab-content-1391\" aria-expanded=\"false\">\n\t\t\t\t\t\t\t\t\t\t\t\t\t<span class=\"elementor-accordion-icon elementor-accordion-icon-left\" aria-hidden=\"true\">\n\t\t\t\t\t\t\t\t\t\t\t\t\t\t\t<span class=\"elementor-accordion-icon-closed\"><i class=\"fas fa-plus\"><\/i><\/span>\n\t\t\t\t\t\t\t\t<span class=\"elementor-accordion-icon-opened\"><i class=\"fas fa-minus\"><\/i><\/span>\n\t\t\t\t\t\t\t\t\t\t\t\t\t\t<\/span>\n\t\t\t\t\t\t\t\t\t\t\t\t<a class=\"elementor-accordion-title\" tabindex=\"0\">Kontaktai<\/a>\n\t\t\t\t\t<\/div>\n\t\t\t\t\t<div id=\"elementor-tab-content-1391\" class=\"elementor-tab-content elementor-clearfix\" data-tab=\"1\" role=\"region\" aria-labelledby=\"elementor-tab-title-1391\"><p><strong>Pasiteiravimui el.pa\u0161tas: \u00a0armedika@armedika.lt<\/strong><br \/><strong>Marketingo klausimais:<\/strong><br \/><strong>Kontaktinis asmuo: Aras Tarabilda<\/strong><br \/><strong>El.pa\u0161tas: aras@armedika.lt<\/strong><br \/><strong>Tel.: +370 685 20002<\/strong><\/p><\/div>\n\t\t\t\t<\/div>\n\t\t\t\t\t\t\t\t<\/div>\n\t\t\t\t<\/div>\n\t\t\t\t<\/div>\n\t\t\t\t<div class=\"elementor-element elementor-element-9eb624c elementor-widget elementor-widget-html\" data-id=\"9eb624c\" data-element_type=\"widget\" data-widget_type=\"html.default\">\n\t\t\t\t<div class=\"elementor-widget-container\">\n\t\t\t<script> \njQuery(document).ready(function($) { \nvar delay = 100; setTimeout(function() { \n$('.elementor-tab-title').removeClass('elementor-active');\n $('.elementor-tab-content').css('display', 'none'); }, delay); \n}); \n<\/script>\t\t<\/div>\n\t\t\t\t<\/div>\n\t\t\t\t\t<\/div>\n\t\t<\/div>\n\t\t\t\t\t\t\t<\/div>\n\t\t<\/section>\n\t\t\t\t\t\t\t<\/div>\n\t\t","protected":false},"excerpt":{"rendered":"<p>Turite naujus produktus ar paslaugas, kuriuos norite \u012fvesti \u012f nauj\u0105 rink\u0105? Mes jums pad\u0117sime! Turite produktus ar paslaugas, kuriuos norite rinkoje suaktyvinti, i\u0161judinti? Mes jums pad\u0117sime! Verslo Planai \u2022\u00a0Verslo plan\u0173 sudarymas: Rinkos analiz\u0117; Produkt\u0173 analiz\u0117 ir planas; Pardavimo planas; Biud\u017eeto planas;Situacijos analiz\u0117: Rinkos analiz\u0117, Konkurent\u0173 analiz\u0117; S.W.O.T. analiz\u0117; Tikslai \u2013 Kiekybiniai\/Kokybiniai; Kainodara;Akcij\u0173 strategija; Kiti veiksniai;\u2022\u00a0Verslo&#8230;<\/p>\n<p class=\"more-link\"><a href=\"https:\/\/armedika.lt\/en\/paslaugos\/marketingo-paslaugos\/med-farm-marketingas\/\"><span>Read More<\/span><i>&#43;<\/i><\/a><\/p>\n","protected":false},"author":1,"featured_media":0,"parent":63,"menu_order":0,"comment_status":"closed","ping_status":"closed","template":"","meta":{"footnotes":""},"translation":{"provider":"WPGlobus","version":"2.12.2","language":"en","enabled_languages":["lt","en","ru"],"languages":{"lt":{"title":true,"content":true,"excerpt":false},"en":{"title":true,"content":false,"excerpt":false},"ru":{"title":true,"content":false,"excerpt":false}}},"acf":[],"_links":{"self":[{"href":"https:\/\/armedika.lt\/en\/wp-json\/wp\/v2\/pages\/14"}],"collection":[{"href":"https:\/\/armedika.lt\/en\/wp-json\/wp\/v2\/pages"}],"about":[{"href":"https:\/\/armedika.lt\/en\/wp-json\/wp\/v2\/types\/page"}],"author":[{"embeddable":true,"href":"https:\/\/armedika.lt\/en\/wp-json\/wp\/v2\/users\/1"}],"replies":[{"embeddable":true,"href":"https:\/\/armedika.lt\/en\/wp-json\/wp\/v2\/comments?post=14"}],"version-history":[{"count":3,"href":"https:\/\/armedika.lt\/en\/wp-json\/wp\/v2\/pages\/14\/revisions"}],"predecessor-version":[{"id":956,"href":"https:\/\/armedika.lt\/en\/wp-json\/wp\/v2\/pages\/14\/revisions\/956"}],"up":[{"embeddable":true,"href":"https:\/\/armedika.lt\/en\/wp-json\/wp\/v2\/pages\/63"}],"wp:attachment":[{"href":"https:\/\/armedika.lt\/en\/wp-json\/wp\/v2\/media?parent=14"}],"curies":[{"name":"wp","href":"https:\/\/api.w.org\/{rel}","templated":true}]}}