{"id":100,"date":"2018-01-12T12:11:58","date_gmt":"2018-01-12T12:11:58","guid":{"rendered":"http:\/\/localhost\/wordpress1\/?page_id=100"},"modified":"2024-06-07T13:50:42","modified_gmt":"2024-06-07T13:50:42","slug":"kitos-registracijos-paslaugos","status":"publish","type":"page","link":"https:\/\/armedika.lt\/en\/paslaugos\/registracijos-paslaugos\/kitos-registracijos-paslaugos\/","title":{"rendered":"Other registration services"},"content":{"rendered":"\t\t<div data-elementor-type=\"wp-page\" data-elementor-id=\"100\" class=\"elementor elementor-100\">\n\t\t\t\t\t\t\t\t\t<section class=\"elementor-section elementor-top-section elementor-element elementor-element-c3af097 elementor-section-boxed elementor-section-height-default elementor-section-height-default wpr-particle-no wpr-jarallax-no wpr-parallax-no wpr-sticky-section-no\" data-id=\"c3af097\" data-element_type=\"section\">\n\t\t\t\t\t\t<div class=\"elementor-container elementor-column-gap-default\">\n\t\t\t\t\t<div class=\"elementor-column elementor-col-100 elementor-top-column elementor-element elementor-element-825ab93\" data-id=\"825ab93\" data-element_type=\"column\">\n\t\t\t<div class=\"elementor-widget-wrap elementor-element-populated\">\n\t\t\t\t\t\t\t\t<div class=\"elementor-element elementor-element-687a885 elementor-widget elementor-widget-image\" data-id=\"687a885\" data-element_type=\"widget\" data-widget_type=\"image.default\">\n\t\t\t\t<div class=\"elementor-widget-container\">\n\t\t\t<style>\/*! elementor - v3.18.0 - 20-12-2023 *\/\n.elementor-widget-image{text-align:center}.elementor-widget-image a{display:inline-block}.elementor-widget-image a img[src$=\".svg\"]{width:48px}.elementor-widget-image img{vertical-align:middle;display:inline-block}<\/style>\t\t\t\t\t\t\t\t\t\t\t\t<img fetchpriority=\"high\" decoding=\"async\" width=\"1024\" height=\"267\" src=\"https:\/\/armedika.lt\/wp-content\/uploads\/2018\/01\/reg-affairs-1920x500-C-1024x267.jpg\" class=\"attachment-large size-large wp-image-281\" alt=\"\" srcset=\"https:\/\/armedika.lt\/wp-content\/uploads\/2018\/01\/reg-affairs-1920x500-C-1024x267.jpg 1024w, https:\/\/armedika.lt\/wp-content\/uploads\/2018\/01\/reg-affairs-1920x500-C-300x78.jpg 300w, https:\/\/armedika.lt\/wp-content\/uploads\/2018\/01\/reg-affairs-1920x500-C-768x200.jpg 768w, https:\/\/armedika.lt\/wp-content\/uploads\/2018\/01\/reg-affairs-1920x500-C-500x130.jpg 500w, https:\/\/armedika.lt\/wp-content\/uploads\/2018\/01\/reg-affairs-1920x500-C.jpg 1920w\" sizes=\"(max-width: 1024px) 100vw, 1024px\" \/>\t\t\t\t\t\t\t\t\t\t\t\t\t\t\t<\/div>\n\t\t\t\t<\/div>\n\t\t\t\t<div class=\"elementor-element elementor-element-8c878e1 elementor-widget elementor-widget-heading\" data-id=\"8c878e1\" data-element_type=\"widget\" data-widget_type=\"heading.default\">\n\t\t\t\t<div class=\"elementor-widget-container\">\n\t\t\t<style>\/*! elementor - v3.18.0 - 20-12-2023 *\/\n.elementor-heading-title{padding:0;margin:0;line-height:1}.elementor-widget-heading .elementor-heading-title[class*=elementor-size-]>a{color:inherit;font-size:inherit;line-height:inherit}.elementor-widget-heading .elementor-heading-title.elementor-size-small{font-size:15px}.elementor-widget-heading .elementor-heading-title.elementor-size-medium{font-size:19px}.elementor-widget-heading .elementor-heading-title.elementor-size-large{font-size:29px}.elementor-widget-heading .elementor-heading-title.elementor-size-xl{font-size:39px}.elementor-widget-heading .elementor-heading-title.elementor-size-xxl{font-size:59px}<\/style><h2 class=\"elementor-heading-title elementor-size-default\">\"Armedika\" \u2013 atlieka nauj\u0173 ir pasibaigusios registracijos vaist\u0173, maisto papild\u0173, medicinos prietais\u0173 ir kosmetikos priemoni\u0173\nregistracijos ir \u012fvedimo Baltijos ir ES \u0161alyse paslaugas. Taip pat atliekame visas kitas paslaugas susijusias vienais ar kitais\nklausimais su produkt\u0173 registracija ir teikiame konsultacijas.<\/h2>\t\t<\/div>\n\t\t\t\t<\/div>\n\t\t\t\t<div class=\"elementor-element elementor-element-ca0c292 elementor-widget elementor-widget-accordion\" data-id=\"ca0c292\" data-element_type=\"widget\" data-widget_type=\"accordion.default\">\n\t\t\t\t<div class=\"elementor-widget-container\">\n\t\t\t<style>\/*! elementor - v3.18.0 - 20-12-2023 *\/\n.elementor-accordion{text-align:left}.elementor-accordion .elementor-accordion-item{border:1px solid #d5d8dc}.elementor-accordion .elementor-accordion-item+.elementor-accordion-item{border-top:none}.elementor-accordion .elementor-tab-title{margin:0;padding:15px 20px;font-weight:700;line-height:1;cursor:pointer;outline:none}.elementor-accordion .elementor-tab-title .elementor-accordion-icon{display:inline-block;width:1.5em}.elementor-accordion .elementor-tab-title .elementor-accordion-icon svg{width:1em;height:1em}.elementor-accordion .elementor-tab-title .elementor-accordion-icon.elementor-accordion-icon-right{float:right;text-align:right}.elementor-accordion .elementor-tab-title .elementor-accordion-icon.elementor-accordion-icon-left{float:left;text-align:left}.elementor-accordion .elementor-tab-title .elementor-accordion-icon .elementor-accordion-icon-closed{display:block}.elementor-accordion .elementor-tab-title .elementor-accordion-icon .elementor-accordion-icon-opened,.elementor-accordion .elementor-tab-title.elementor-active .elementor-accordion-icon-closed{display:none}.elementor-accordion .elementor-tab-title.elementor-active .elementor-accordion-icon-opened{display:block}.elementor-accordion .elementor-tab-content{display:none;padding:15px 20px;border-top:1px solid #d5d8dc}@media (max-width:767px){.elementor-accordion .elementor-tab-title{padding:12px 15px}.elementor-accordion .elementor-tab-title .elementor-accordion-icon{width:1.2em}.elementor-accordion .elementor-tab-content{padding:7px 15px}}.e-con-inner>.elementor-widget-accordion,.e-con>.elementor-widget-accordion{width:var(--container-widget-width);--flex-grow:var(--container-widget-flex-grow)}<\/style>\t\t<div class=\"elementor-accordion\">\n\t\t\t\t\t\t\t<div class=\"elementor-accordion-item\">\n\t\t\t\t\t<div id=\"elementor-tab-title-2111\" class=\"elementor-tab-title\" data-tab=\"1\" role=\"button\" aria-controls=\"elementor-tab-content-2111\" aria-expanded=\"false\">\n\t\t\t\t\t\t\t\t\t\t\t\t\t<span class=\"elementor-accordion-icon elementor-accordion-icon-left\" aria-hidden=\"true\">\n\t\t\t\t\t\t\t\t\t\t\t\t\t\t\t<span class=\"elementor-accordion-icon-closed\"><i class=\"fas fa-plus\"><\/i><\/span>\n\t\t\t\t\t\t\t\t<span class=\"elementor-accordion-icon-opened\"><i class=\"fas fa-minus\"><\/i><\/span>\n\t\t\t\t\t\t\t\t\t\t\t\t\t\t<\/span>\n\t\t\t\t\t\t\t\t\t\t\t\t<a class=\"elementor-accordion-title\" tabindex=\"0\">Konsultacijos<\/a>\n\t\t\t\t\t<\/div>\n\t\t\t\t\t<div id=\"elementor-tab-content-2111\" class=\"elementor-tab-content elementor-clearfix\" data-tab=\"1\" role=\"region\" aria-labelledby=\"elementor-tab-title-2111\"><p>&#8211; Vaistini\u0173 preparat\u0173 registracijos, keitim\u0173 ir platinimo klausimais;<br \/>&#8211; Maisto papild\u0173 registracijos\/notifikacijos, dokumentacijos keitim\u0173, platinimo klausimais<br \/>&#8211; Kosmetikos produkt\u0173 \u017eenklinimo, sud\u0117ties klausimais.<br \/>Kaina: 30 EUR\/val.<\/p><\/div>\n\t\t\t\t<\/div>\n\t\t\t\t\t\t\t<div class=\"elementor-accordion-item\">\n\t\t\t\t\t<div id=\"elementor-tab-title-2112\" class=\"elementor-tab-title\" data-tab=\"2\" role=\"button\" aria-controls=\"elementor-tab-content-2112\" aria-expanded=\"false\">\n\t\t\t\t\t\t\t\t\t\t\t\t\t<span class=\"elementor-accordion-icon elementor-accordion-icon-left\" aria-hidden=\"true\">\n\t\t\t\t\t\t\t\t\t\t\t\t\t\t\t<span class=\"elementor-accordion-icon-closed\"><i class=\"fas fa-plus\"><\/i><\/span>\n\t\t\t\t\t\t\t\t<span class=\"elementor-accordion-icon-opened\"><i class=\"fas fa-minus\"><\/i><\/span>\n\t\t\t\t\t\t\t\t\t\t\t\t\t\t<\/span>\n\t\t\t\t\t\t\t\t\t\t\t\t<a class=\"elementor-accordion-title\" tabindex=\"0\">Kitos paslaugos<\/a>\n\t\t\t\t\t<\/div>\n\t\t\t\t\t<div id=\"elementor-tab-content-2112\" class=\"elementor-tab-content elementor-clearfix\" data-tab=\"2\" role=\"region\" aria-labelledby=\"elementor-tab-title-2112\"><p>&#8211; Medicinini\u0173 tekst\u0173 vertimas<br \/>Kaina: 30 \u2013 50 EUR\/1600 \u017eenkl\u0173 be tarp\u0173.<\/p><\/div>\n\t\t\t\t<\/div>\n\t\t\t\t\t\t\t<div class=\"elementor-accordion-item\">\n\t\t\t\t\t<div id=\"elementor-tab-title-2113\" class=\"elementor-tab-title\" data-tab=\"3\" role=\"button\" aria-controls=\"elementor-tab-content-2113\" aria-expanded=\"false\">\n\t\t\t\t\t\t\t\t\t\t\t\t\t<span class=\"elementor-accordion-icon elementor-accordion-icon-left\" aria-hidden=\"true\">\n\t\t\t\t\t\t\t\t\t\t\t\t\t\t\t<span class=\"elementor-accordion-icon-closed\"><i class=\"fas fa-plus\"><\/i><\/span>\n\t\t\t\t\t\t\t\t<span class=\"elementor-accordion-icon-opened\"><i class=\"fas fa-minus\"><\/i><\/span>\n\t\t\t\t\t\t\t\t\t\t\t\t\t\t<\/span>\n\t\t\t\t\t\t\t\t\t\t\t\t<a class=\"elementor-accordion-title\" tabindex=\"0\">Kontaktai<\/a>\n\t\t\t\t\t<\/div>\n\t\t\t\t\t<div id=\"elementor-tab-content-2113\" class=\"elementor-tab-content elementor-clearfix\" data-tab=\"3\" role=\"region\" aria-labelledby=\"elementor-tab-title-2113\"><p>Pasiteiravimui ra\u0161ykite e-pa\u0161tu: &nbsp;<strong>reg@armedika.lt<\/strong><br>\nPaslaugos&nbsp;Lietuvoje, Latvijoje, Estijoje, Lenkijoje ir kitose Europos S\u0105jungos \u0161alyse:<br>\nKontaktinis asmuo:&nbsp;<strong>Augusta \u017dev\u017eikovien\u0117<\/strong><br>\nElektroninis pa\u0161tas:&nbsp;<strong>augusta.zevzikoviene@armedika.lt<\/strong><br>\nMob.tel.:&nbsp;<strong>+370 688 81118<\/strong><br><\/p><\/div>\n\t\t\t\t<\/div>\n\t\t\t\t\t\t\t\t<\/div>\n\t\t\t\t<\/div>\n\t\t\t\t<\/div>\n\t\t\t\t<div class=\"elementor-element elementor-element-cc51e16 elementor-widget elementor-widget-html\" data-id=\"cc51e16\" data-element_type=\"widget\" data-widget_type=\"html.default\">\n\t\t\t\t<div class=\"elementor-widget-container\">\n\t\t\t<script> \njQuery(document).ready(function($) { \nvar delay = 100; setTimeout(function() { \n$('.elementor-tab-title').removeClass('elementor-active');\n $('.elementor-tab-content').css('display', 'none'); }, delay); \n}); \n<\/script>\t\t<\/div>\n\t\t\t\t<\/div>\n\t\t\t\t\t<\/div>\n\t\t<\/div>\n\t\t\t\t\t\t\t<\/div>\n\t\t<\/section>\n\t\t\t\t\t\t\t<\/div>\n\t\t","protected":false},"excerpt":{"rendered":"<p>&#8220;Armedika&#8221; \u2013 atlieka nauj\u0173 ir pasibaigusios registracijos vaist\u0173, maisto papild\u0173, medicinos prietais\u0173 ir kosmetikos priemoni\u0173 registracijos ir \u012fvedimo Baltijos ir ES \u0161alyse paslaugas. Taip pat atliekame visas kitas paslaugas susijusias vienais ar kitais klausimais su produkt\u0173 registracija ir teikiame konsultacijas. Konsultacijos &#8211; Vaistini\u0173 preparat\u0173 registracijos, keitim\u0173 ir platinimo klausimais;&#8211; Maisto papild\u0173 registracijos\/notifikacijos, dokumentacijos keitim\u0173, platinimo&#8230;<\/p>\n<p class=\"more-link\"><a href=\"https:\/\/armedika.lt\/en\/paslaugos\/registracijos-paslaugos\/kitos-registracijos-paslaugos\/\"><span>Read More<\/span><i>&#43;<\/i><\/a><\/p>\n","protected":false},"author":1,"featured_media":0,"parent":18,"menu_order":0,"comment_status":"closed","ping_status":"closed","template":"","meta":{"footnotes":""},"translation":{"provider":"WPGlobus","version":"2.12.2","language":"en","enabled_languages":["lt","en","ru"],"languages":{"lt":{"title":true,"content":true,"excerpt":false},"en":{"title":true,"content":false,"excerpt":false},"ru":{"title":true,"content":false,"excerpt":false}}},"acf":[],"_links":{"self":[{"href":"https:\/\/armedika.lt\/en\/wp-json\/wp\/v2\/pages\/100"}],"collection":[{"href":"https:\/\/armedika.lt\/en\/wp-json\/wp\/v2\/pages"}],"about":[{"href":"https:\/\/armedika.lt\/en\/wp-json\/wp\/v2\/types\/page"}],"author":[{"embeddable":true,"href":"https:\/\/armedika.lt\/en\/wp-json\/wp\/v2\/users\/1"}],"replies":[{"embeddable":true,"href":"https:\/\/armedika.lt\/en\/wp-json\/wp\/v2\/comments?post=100"}],"version-history":[{"count":3,"href":"https:\/\/armedika.lt\/en\/wp-json\/wp\/v2\/pages\/100\/revisions"}],"predecessor-version":[{"id":950,"href":"https:\/\/armedika.lt\/en\/wp-json\/wp\/v2\/pages\/100\/revisions\/950"}],"up":[{"embeddable":true,"href":"https:\/\/armedika.lt\/en\/wp-json\/wp\/v2\/pages\/18"}],"wp:attachment":[{"href":"https:\/\/armedika.lt\/en\/wp-json\/wp\/v2\/media?parent=100"}],"curies":[{"name":"wp","href":"https:\/\/api.w.org\/{rel}","templated":true}]}}